{"id":8,"date":"2020-10-02T12:09:30","date_gmt":"2020-10-02T09:09:30","guid":{"rendered":"http:\/\/ninamiettinen.fi\/?page_id=8"},"modified":"2025-02-08T18:13:32","modified_gmt":"2025-02-08T16:13:32","slug":"ota-yhteytta","status":"publish","type":"page","link":"https:\/\/ninamiettinen.fi\/english\/ota-yhteytta\/","title":{"rendered":"Contact me"},"content":{"rendered":"<h2 class=\"has-text-align-left has-text-color\" style=\"color:#e4d77e\">Contact me<\/h2>\n\n\n\n<p class=\"has-text-align-left\">Questions? Email me at <em>miettinina@gmail.com<\/em>.<\/p>\n\n\n\n<div style=\"height:30px\" aria-hidden=\"true\" class=\"wp-block-spacer\"><\/div>\n\n\n\n<hr class=\"wp-block-separator\"\/>\n\n\n\n<h2 class=\"has-text-align-left has-text-color\" style=\"color:#e4d77e\">Donate<\/h2>\n\n\n\n<p class=\"has-text-align-left\">Green Party candidates do not enjoy big external funding for their campaigns. My election budget mostly comes out of my own savings, with additional voluntary donations coming in from individuals. In the past I\u2019ve succeeded in creating successful campaigns with modest budgets, so even a small donation makes a difference. Thank you so much in advance if you\u2019re able to join in by making a donation towards my campaign!<\/p>\n\n\n\n<h3 class=\"has-text-align-left has-white-color has-text-color\">You can support my campaign by donating via the link below:<\/h3>\n\n\n\n<p class=\"has-text-align-left\">You can donate an amount of your choice on the website of the Green Party securely with a mobile, bank, or card payment.<\/p>\n\n\n\n<div class=\"wp-block-buttons aligncenter\">\n<div class=\"wp-block-button is-style-fill\"><a class=\"wp-block-button__link has-white-background-color has-text-color has-background\" href=\"https:\/\/www.vihreat.fi\/embed\/kuntavaalit-2025\/?kieli=fi&amp;vaali=kuntavaalit-2025&amp;kunta=k091&amp;sukupuoli=nainen&amp;ika_min=32&amp;ika_max=32&amp;ehdokas=miettinen-nina-6606\" style=\"color:#006272\"><strong>Donate<\/strong><\/a><\/div>\n<\/div>\n\n\n\n<div style=\"height:30px\" aria-hidden=\"true\" class=\"wp-block-spacer\"><\/div>\n\n\n\n<hr class=\"wp-block-separator\"\/>\n\n\n\n<h2 class=\"has-text-align-left has-text-color\" style=\"color:#e4d77e\">Channels<\/h2>\n\n\n\n<p class=\"has-text-align-left\">I share my daily life and thoughts on my social media channels, you are welcome to follow me!<\/p>\n\n\n\n<div class=\"wp-block-buttons aligncenter\">\n<div class=\"wp-block-button is-style-fill\"><a class=\"wp-block-button__link has-white-background-color has-text-color has-background\" href=\"https:\/\/www.instagram.com\/ninamietti\/\" style=\"color:#006272\" target=\"_blank\" rel=\"noreferrer noopener\"><strong>Instagram<\/strong><\/a><\/div>\n\n\n\n<div class=\"wp-block-button is-style-fill\"><a class=\"wp-block-button__link has-white-background-color has-text-color has-background\" href=\"https:\/\/www.facebook.com\/ninamietti\" style=\"color:#006272\" target=\"_blank\" rel=\"noreferrer noopener\"><strong>Facebook<\/strong><\/a><\/div>\n\n\n\n<div class=\"wp-block-button is-style-fill\"><a class=\"wp-block-button__link has-white-background-color has-text-color has-background\" href=\"https:\/\/www.youtube.com\/user\/neighborhoodgrl\" style=\"color:#006272\" target=\"_blank\" rel=\"noreferrer noopener\"><strong>Youtube<\/strong><\/a><\/div>\n\n\n\n<div class=\"wp-block-button is-style-fill\"><a class=\"wp-block-button__link has-white-background-color has-text-color has-background\" href=\"https:\/\/www.linkedin.com\/in\/ninamietti\/\" style=\"color:#006272\" target=\"_blank\" rel=\"noreferrer noopener\"><strong>LinkedIn<\/strong><\/a><\/div>\n<\/div>","protected":false},"excerpt":{"rendered":"<p>Ota yhteytt\u00e4 Kysytt\u00e4v\u00e4\u00e4? Laita minulle viesti\u00e4 osoitteeseen miettinina@gmail.com. Lahjoita Vihreill\u00e4 ei ole takanaan taustakoneistoja rahoittamassa ehdokkaiden kampanjoita. K\u00e4yt\u00e4n vaaleihin eniten omaa rahaa ja lis\u00e4ksi saan lahjoituksia yksitt\u00e4isilt\u00e4 henkil\u00f6ilt\u00e4. Olen aiemmin saanut pienell\u00e4 budjetilla tehty\u00e4 vaikuttavia kampanjoita ja pienikin lahjoitus merkitsee paljon. Suuri kiitos, jos sinulla on mahdollisuus tukea kampanjaani lahjoituksen kautta! Voit tukea kampaajani lahjoittamalla linkin kautta: Omavalintaisen summan voi lahjoittaa Vihreiden sivuilla turvallisella mobiili-, verkkopankki- tai korttimaksulla. Kanavat Jaan arkeani ja ajatuksiani sosiaalisen median kanavissani, tervetuloa seuraamaan!<\/p>","protected":false},"author":3,"featured_media":40,"parent":0,"menu_order":0,"comment_status":"closed","ping_status":"closed","template":"","meta":[],"_links":{"self":[{"href":"https:\/\/ninamiettinen.fi\/english\/wp-json\/wp\/v2\/pages\/8"}],"collection":[{"href":"https:\/\/ninamiettinen.fi\/english\/wp-json\/wp\/v2\/pages"}],"about":[{"href":"https:\/\/ninamiettinen.fi\/english\/wp-json\/wp\/v2\/types\/page"}],"author":[{"embeddable":true,"href":"https:\/\/ninamiettinen.fi\/english\/wp-json\/wp\/v2\/users\/3"}],"replies":[{"embeddable":true,"href":"https:\/\/ninamiettinen.fi\/english\/wp-json\/wp\/v2\/comments?post=8"}],"version-history":[{"count":50,"href":"https:\/\/ninamiettinen.fi\/english\/wp-json\/wp\/v2\/pages\/8\/revisions"}],"predecessor-version":[{"id":570,"href":"https:\/\/ninamiettinen.fi\/english\/wp-json\/wp\/v2\/pages\/8\/revisions\/570"}],"wp:featuredmedia":[{"embeddable":true,"href":"https:\/\/ninamiettinen.fi\/english\/wp-json\/wp\/v2\/media\/40"}],"wp:attachment":[{"href":"https:\/\/ninamiettinen.fi\/english\/wp-json\/wp\/v2\/media?parent=8"}],"curies":[{"name":"wp","href":"https:\/\/api.w.org\/{rel}","templated":true}]}}