{"id":7,"date":"2020-10-02T12:09:30","date_gmt":"2020-10-02T09:09:30","guid":{"rendered":"http:\/\/ninamiettinen.fi\/?page_id=7"},"modified":"2025-02-13T14:38:55","modified_gmt":"2025-02-13T12:38:55","slug":"minusta","status":"publish","type":"page","link":"https:\/\/ninamiettinen.fi\/english\/minusta\/","title":{"rendered":"CV"},"content":{"rendered":"<h2 style=\"font-size:25px\">I am a 32-year-old global citizen from Helsinki. I want everyone to have hope in their everyday lives. I want a sustainable life that reflects one\u2019s own preferences. And I want our city to work within nature\u2019s limits. That is why I am running for another term in the Helsinki City Council.&nbsp;<\/h2>\n\n\n\n<p>I am a Master of Science in Human Geography and graduated from the University of Helsinki. I work for a nonprofit organization that strives to improve equal access to hobbies for the local youth. My day-to-day life also consists of contributing to Helsinki's city politics.&nbsp;<\/p>\n\n\n\n<p>I live in a two-bedroom city apartment with my partner and our 1-year-old twins. My hobbies include trying out different sports, testing new children\u2019s playgrounds, cycling to work, knitting woolen socks and gardening on my balcony. I enjoy slow and warm summer days with a good book on my hands on the cliffs by the Baltic Sea.<\/p>\n\n\n\n<h3 class=\"has-text-color\" style=\"color:#e4d77e\">My roles in the city politics of Helsinki<\/h3>\n\n\n\n<ul><li><strong>Vice Chair of the Green group of Helsinki City Council <\/strong>2024 \u2014<\/li><li><strong>Member of the Culture and Leisure Committee & Leader of the Green group members of the committee <\/strong>2023 \u2014<\/li><li><strong>Chair of the Youth Section of the Culture and Leisure Committee <\/strong>2021 \u2014 2023<\/li><li><strong>Vice Member of the Sports Section <\/strong>2017 \u2014 2021<\/li><\/ul>\n\n\n\n<p><strong>I also have experience of policy-making<\/strong> from the Student Union of the University of Helsinki, where I represented the Green Group for two terms, and from the boards of several organisations.<\/p>\n\n\n\n<h3 class=\"has-text-color\" style=\"color:#e4d77e\"><strong>My achievements<\/strong> in the city politics of Helsinki<\/h3>\n\n\n\n<p><strong>I am hugely motivated by the good decisions that I see being made for our future. During the current Council term, I have proposed the following initiatives:&nbsp;<\/strong><\/p>\n\n\n\n<ul><li><em>More shared cargo bikes in Helsinki<\/em><\/li><li><em>Increasing resources for youth work in schools<\/em><\/li><li><em>Increasing the number of youth workers&nbsp;<\/em><\/li><li><em>Accelerating the planning of the new youth centre in Pasila&nbsp;<\/em><\/li><li><em>Securing and publicising the free use of sports fields&nbsp;<\/em><\/li><li><em>Increasing the budget for resident participation<\/em><\/li><li><em>Increasing the number of independent sports facilities for children and young people<\/em><\/li><li><em>Strengthening activities for young people in line with regional needs&nbsp;<\/em><\/li><li><em>Permanent shade for playgrounds<\/em><\/li><li><em>Implementing child impact assessment as part of city planning<\/em><\/li><\/ul>\n\n\n\n<p>I have also proposed a motion for a resolution to speed up the construction of recreational facilities for young people.&nbsp;<\/p>\n\n\n\n<p><strong>In the City Council, <\/strong>I have spoken on issues such as combating the climate crisis, reducing car traffic, the importance of affordable housing and the city budget. I have acted as our group's negotiator in budget negotiations, where we negotiated more money for issues such as tackling inequality, pay rises for the city's lowest paid sectors and climate-friendly solutions in transport, energy and nature conservation.&nbsp;<\/p>\n\n\n\n<p><strong>In the Culture and Leisure Committee,<\/strong> I have, among other things, taken the initiative to set aside more money in the city budget for energy investments in sports facilities, so that in the future, for example, swimming pools and ice rinks will be heated and cooled using more sustainable forms of energy. As the leader of our group, I organise our preliminary discussions and consult with the other political groups on all future decisions of the committee.<\/p>\n\n\n\n<p><a href=\"https:\/\/paatokset.hel.fi\/fi\/paattajat\/exlninakatariinami\">My initiatives and speeches in the City Council are accessible on the website of the City of Helsinki.<\/a><\/p>\n\n\n\n<div style=\"height:26px\" aria-hidden=\"true\" class=\"wp-block-spacer\"><\/div>\n\n\n\n<div class=\"wp-block-buttons aligncenter\">\n<div class=\"wp-block-button is-style-fill\"><a class=\"wp-block-button__link has-white-background-color has-text-color has-background\" href=\"https:\/\/ninamiettinen.fi\/english\/minusta\/tarinani\/\" style=\"color:#006272\"><strong>My story<\/strong><\/a><\/div>\n\n\n\n<div class=\"wp-block-button is-style-fill\"><a class=\"wp-block-button__link has-white-background-color has-text-color has-background\" href=\"https:\/\/ninamiettinen.fi\/english\/\" style=\"color:#006272\"><strong>The objectives I want to promote in the City Council<\/strong><\/a><\/div>\n<\/div>\n\n\n\n<p><\/p>","protected":false},"excerpt":{"rendered":"<p>Olen 32-vuotias maailmankansalainen Helsingist\u00e4. Haluan, ett\u00e4 jokaisen helsinkil\u00e4isen arjessa on toivoa, ett\u00e4 arki on omann\u00e4k\u00f6ist\u00e4 ja kest\u00e4v\u00e4\u00e4 ja ett\u00e4 kaupunkimme toimii askel askeleelta enemm\u00e4n luonnon ehdoilla. Siksi haen jatkokaudelle Helsingin kaupunginvaltuustoon.&nbsp; Koulutukseltani olen filosofian maisteri ja ty\u00f6kseni teen j\u00e4rjest\u00f6ty\u00f6t\u00e4 nuorten harrastusmahdollisuuksien lis\u00e4\u00e4miseksi. Lis\u00e4ksi arkeeni kuuluu vaikuttaminen Helsingin kaupunkipolitiikassa. Valmistuin Helsingin yliopistosta p\u00e4\u00e4aineenani ihmismaantiede.&nbsp; Asun kaupungin kerrostalokolmiossa puolisoni ja yksivuotiaiden kaksostemme kanssa. Harrastuksiini kuuluu erilaisten liikuntalajien kokeilu, uusien leikkipuistojen testaaminen, ty\u00f6matkapy\u00f6r\u00e4ily, villasukkien neulominen sek\u00e4 hy\u00f6tykasvien kasvattaminen parvekepuutarhassa. Rakastan hitaita ja l\u00e4mpimi\u00e4 kes\u00e4p\u00e4ivi\u00e4 hyv\u00e4 kirja k\u00e4dess\u00e4 It\u00e4meren rantakallioilla. Luottamusteht\u00e4v\u00e4ni Helsingin kaupunkipolitiikassa Helsingin vihre\u00e4n valtuustoryhm\u00e4n varapuheenjohtaja 2024 \u2014 kulttuurin ja vapaa-ajan lautakunnan j\u00e4sen ja lautakunnan vihre\u00e4n ryhm\u00e4n vet\u00e4j\u00e4 2023 \u2014 kulttuurin ja vapaa-ajan lautakunnan nuorisojaoston puheenjohtaja 2021 \u2014 2023 liikuntajaoston varaj\u00e4sen 2017 \u2014 2021 Minulla on kokemusta vaikuttamisesta my\u00f6s Helsingin yliopiston ylioppilaskunnan edustajistosta, jossa edustin vihre\u00e4\u00e4 ryhm\u00e4\u00e4 kahden kauden ajan, sek\u00e4 useamman eri j\u00e4rjest\u00f6n hallituksista. Saavutukseni kaupunkipolitiikassa Minua motivoi valtavasti hyvien p\u00e4\u00e4t\u00f6sten tekeminen&hellip;<\/p>\n<p> <a class=\"more-link\" href=\"https:\/\/ninamiettinen.fi\/english\/minusta\/\">Read more<\/a><\/p>","protected":false},"author":1,"featured_media":488,"parent":0,"menu_order":2,"comment_status":"closed","ping_status":"closed","template":"","meta":[],"_links":{"self":[{"href":"https:\/\/ninamiettinen.fi\/english\/wp-json\/wp\/v2\/pages\/7"}],"collection":[{"href":"https:\/\/ninamiettinen.fi\/english\/wp-json\/wp\/v2\/pages"}],"about":[{"href":"https:\/\/ninamiettinen.fi\/english\/wp-json\/wp\/v2\/types\/page"}],"author":[{"embeddable":true,"href":"https:\/\/ninamiettinen.fi\/english\/wp-json\/wp\/v2\/users\/1"}],"replies":[{"embeddable":true,"href":"https:\/\/ninamiettinen.fi\/english\/wp-json\/wp\/v2\/comments?post=7"}],"version-history":[{"count":61,"href":"https:\/\/ninamiettinen.fi\/english\/wp-json\/wp\/v2\/pages\/7\/revisions"}],"predecessor-version":[{"id":577,"href":"https:\/\/ninamiettinen.fi\/english\/wp-json\/wp\/v2\/pages\/7\/revisions\/577"}],"wp:featuredmedia":[{"embeddable":true,"href":"https:\/\/ninamiettinen.fi\/english\/wp-json\/wp\/v2\/media\/488"}],"wp:attachment":[{"href":"https:\/\/ninamiettinen.fi\/english\/wp-json\/wp\/v2\/media?parent=7"}],"curies":[{"name":"wp","href":"https:\/\/api.w.org\/{rel}","templated":true}]}}