{"id":275,"date":"2021-05-19T17:58:19","date_gmt":"2021-05-19T14:58:19","guid":{"rendered":"http:\/\/ninamiettinen.fi\/?page_id=275"},"modified":"2025-03-22T08:47:30","modified_gmt":"2025-03-22T06:47:30","slug":"aanesta","status":"publish","type":"page","link":"https:\/\/ninamiettinen.fi\/english\/aanesta\/","title":{"rendered":"Vote"},"content":{"rendered":"<h2 class=\"has-text-align-left has-text-color\" style=\"color:#e4d77e\">765<\/h2>\n\n\n\n<h3 class=\"has-text-align-left has-white-color has-text-color\"><strong><strong>You can vote for me in the spring 2025 municipal elections in the Helsinki electoral district.<\/strong><\/strong> My election number is 765.<\/h3>\n\n\n\n<p class=\"has-text-align-left\">Now is the moment when we can make a difference together!<\/p>\n\n\n\n<h4 class=\"has-text-align-left has-text-color\" style=\"color:#e4d77e\"><strong>Municipal elections in Finland 202<\/strong>5<\/h4>\n\n\n\n<div class=\"wp-block-group\"><div class=\"wp-block-group__inner-container\">\n<p>Advance voting in Finland: 2\u20138 April 2025<br>Advance voting abroad: 2\u20135 April 2025<br>Election day: Sunday 13 April 2025<\/p>\n<\/div><\/div>\n\n\n\n<p class=\"has-text-align-left\"><strong>Learn more on the official website of the Finnish government: <a href=\"https:\/\/vaalit.fi\/en\/county-and-municipal-elections\" target=\"_blank\" rel=\"noreferrer noopener\">vaalit.fi\/en\/county-and-municipal-elections<\/a><\/strong><\/p>\n\n\n\n<div style=\"height:43px\" aria-hidden=\"true\" class=\"wp-block-spacer\"><\/div>\n\n\n\n<div class=\"wp-block-image\"><figure class=\"aligncenter size-medium is-resized\"><a href=\"https:\/\/www.vihreat.fi\/alue-ja-kuntavaalit-2025\/\"><img loading=\"lazy\" src=\"http:\/\/ninamiettinen.fi\/wp-content\/uploads\/2023\/01\/Vihreat_Logo_HOR_NEG_FIN-300x93.png\" alt=\"\" class=\"wp-image-308\" width=\"150\" height=\"47\" srcset=\"https:\/\/ninamiettinen.fi\/wp-content\/uploads\/2023\/01\/Vihreat_Logo_HOR_NEG_FIN-300x93.png 300w, https:\/\/ninamiettinen.fi\/wp-content\/uploads\/2023\/01\/Vihreat_Logo_HOR_NEG_FIN-1024x319.png 1024w, https:\/\/ninamiettinen.fi\/wp-content\/uploads\/2023\/01\/Vihreat_Logo_HOR_NEG_FIN-768x239.png 768w, https:\/\/ninamiettinen.fi\/wp-content\/uploads\/2023\/01\/Vihreat_Logo_HOR_NEG_FIN-16x5.png 16w, https:\/\/ninamiettinen.fi\/wp-content\/uploads\/2023\/01\/Vihreat_Logo_HOR_NEG_FIN.png 1316w\" sizes=\"(max-width: 150px) 100vw, 150px\" \/><\/a><\/figure><\/div>","protected":false},"excerpt":{"rendered":"<p>765 Voit \u00e4\u00e4nest\u00e4\u00e4 minua&nbsp;kev\u00e4\u00e4n&nbsp;2025 kuntavaaleissa Helsingin vaalipiiriss\u00e4. Ehdokasnumeroni on 765. Nyt on se hetki, kun voimme yhdess\u00e4 saada muutoksen aikaan! Kuntavaalit 2025 Lue lis\u00e4\u00e4: vaalit.fi\/alue-ja-kuntavaalit<\/p>","protected":false},"author":3,"featured_media":565,"parent":0,"menu_order":0,"comment_status":"closed","ping_status":"closed","template":"","meta":[],"_links":{"self":[{"href":"https:\/\/ninamiettinen.fi\/english\/wp-json\/wp\/v2\/pages\/275"}],"collection":[{"href":"https:\/\/ninamiettinen.fi\/english\/wp-json\/wp\/v2\/pages"}],"about":[{"href":"https:\/\/ninamiettinen.fi\/english\/wp-json\/wp\/v2\/types\/page"}],"author":[{"embeddable":true,"href":"https:\/\/ninamiettinen.fi\/english\/wp-json\/wp\/v2\/users\/3"}],"replies":[{"embeddable":true,"href":"https:\/\/ninamiettinen.fi\/english\/wp-json\/wp\/v2\/comments?post=275"}],"version-history":[{"count":30,"href":"https:\/\/ninamiettinen.fi\/english\/wp-json\/wp\/v2\/pages\/275\/revisions"}],"predecessor-version":[{"id":581,"href":"https:\/\/ninamiettinen.fi\/english\/wp-json\/wp\/v2\/pages\/275\/revisions\/581"}],"wp:featuredmedia":[{"embeddable":true,"href":"https:\/\/ninamiettinen.fi\/english\/wp-json\/wp\/v2\/media\/565"}],"wp:attachment":[{"href":"https:\/\/ninamiettinen.fi\/english\/wp-json\/wp\/v2\/media?parent=275"}],"curies":[{"name":"wp","href":"https:\/\/api.w.org\/{rel}","templated":true}]}}