{"id":165,"date":"2020-12-21T13:58:10","date_gmt":"2020-12-21T11:58:10","guid":{"rendered":"http:\/\/ninamiettinen.fi\/?page_id=165"},"modified":"2023-01-08T21:14:16","modified_gmt":"2023-01-08T19:14:16","slug":"vlogi","status":"publish","type":"page","link":"https:\/\/ninamiettinen.fi\/english\/vlogi\/","title":{"rendered":"Vlogi"},"content":{"rendered":"<h1 class=\"has-text-align-center\">\u00c4l\u00e4 osta mit\u00e4\u00e4n -vuosi 2020<\/h1>\n\n\n\n<p class=\"has-text-align-center\">Katso, kuinka selvisin vuoden mittaisesta haasteesta ostaa mahdollisimman v\u00e4h\u00e4n tavaroita! Videon oikeasta yl\u00e4kulmasta klikkaamalla n\u00e4et kaikki videot aiheesta. Tekstitykset suomeksi ja englanniksi.<\/p>\n\n\n\n<p class=\"has-text-align-center\"><\/p>\n\n\n\n<figure class=\"wp-block-embed-youtube wp-block-embed is-type-video is-provider-youtube wp-embed-aspect-16-9 wp-has-aspect-ratio\"><div class=\"wp-block-embed__wrapper\">\n<iframe title=\"\u00c4l\u00e4 osta mit\u00e4\u00e4n -haaste 6\/20: Tunnustuksia ja uusi tieliikennelaki\" width=\"800\" height=\"450\" src=\"https:\/\/www.youtube.com\/embed\/5DBFYyJTbew?list=PLsqnmOSiJcKEMHNYbsuu71GdeH60WX_YX\" frameborder=\"0\" allow=\"accelerometer; autoplay; clipboard-write; encrypted-media; gyroscope; picture-in-picture; web-share\" allowfullscreen><\/iframe>\n<\/div><\/figure>","protected":false},"excerpt":{"rendered":"<p>\u00c4l\u00e4 osta mit\u00e4\u00e4n -vuosi 2020 Katso, kuinka selvisin vuoden mittaisesta haasteesta ostaa mahdollisimman v\u00e4h\u00e4n tavaroita! Videon oikeasta yl\u00e4kulmasta klikkaamalla n\u00e4et kaikki videot aiheesta. Tekstitykset suomeksi ja englanniksi.<\/p>","protected":false},"author":3,"featured_media":113,"parent":0,"menu_order":3,"comment_status":"closed","ping_status":"closed","template":"","meta":[],"_links":{"self":[{"href":"https:\/\/ninamiettinen.fi\/english\/wp-json\/wp\/v2\/pages\/165"}],"collection":[{"href":"https:\/\/ninamiettinen.fi\/english\/wp-json\/wp\/v2\/pages"}],"about":[{"href":"https:\/\/ninamiettinen.fi\/english\/wp-json\/wp\/v2\/types\/page"}],"author":[{"embeddable":true,"href":"https:\/\/ninamiettinen.fi\/english\/wp-json\/wp\/v2\/users\/3"}],"replies":[{"embeddable":true,"href":"https:\/\/ninamiettinen.fi\/english\/wp-json\/wp\/v2\/comments?post=165"}],"version-history":[{"count":5,"href":"https:\/\/ninamiettinen.fi\/english\/wp-json\/wp\/v2\/pages\/165\/revisions"}],"predecessor-version":[{"id":349,"href":"https:\/\/ninamiettinen.fi\/english\/wp-json\/wp\/v2\/pages\/165\/revisions\/349"}],"wp:featuredmedia":[{"embeddable":true,"href":"https:\/\/ninamiettinen.fi\/english\/wp-json\/wp\/v2\/media\/113"}],"wp:attachment":[{"href":"https:\/\/ninamiettinen.fi\/english\/wp-json\/wp\/v2\/media?parent=165"}],"curies":[{"name":"wp","href":"https:\/\/api.w.org\/{rel}","templated":true}]}}