{"id":6,"date":"2020-10-02T12:09:30","date_gmt":"2020-10-02T09:09:30","guid":{"rendered":"http:\/\/ninamiettinen.fi\/?page_id=6"},"modified":"2025-02-08T18:41:25","modified_gmt":"2025-02-08T16:41:25","slug":"uusi-umoma-avaa-ovensa-2","status":"publish","type":"page","link":"http:\/\/ninamiettinen.fi\/english\/","title":{"rendered":"Let\u2019s build hope."},"content":{"rendered":"<h2 class=\"has-white-color has-text-color\" style=\"font-size:28px\"><em><strong><strong>A NGO expert<\/strong> and vice chairman of the Green council group running for a second term in the Helsinki City Council.<\/strong> <\/em><\/h2>\n\n\n\n<div style=\"height:20px\" aria-hidden=\"true\" class=\"wp-block-spacer\"><\/div>\n\n\n\n<div style=\"height:20px\" aria-hidden=\"true\" class=\"wp-block-spacer\"><\/div>\n\n\n\n<h2 class=\"has-text-color\" style=\"color:#e4d77e\"><strong>Let\u2019s Build Hope for the Future<\/strong><\/h2>\n\n\n\n<p>We must offer young generations such stable living conditions that everyone dares to dream and make plans for the future. Whether it\u2019s thinking about starting a family, owning a home, securing a permanent job, or changing careers \u2013 let\u2019s make Helsinki a hometown that sustains and supports these dreams and plans.&nbsp;<\/p>\n\n\n\n<p>Equal opportunities start with ensuring that even the youngest children receive support based on need, not wealth. The path from early education to higher education can be unique for each individual, yet still safe and motivating for all. Let\u2019s increase access to free extracurricular activities. Everyone should have the opportunity to take a break and get help when needed. Let\u2019s keep primary care visits free of charge and explore new ways to improve access to healthcare services.<\/p>\n\n\n\n<h2 class=\"has-text-color\" style=\"color:#e4d77e\"><strong>Sustainable Lifestyle in a Global City<\/strong><\/h2>\n\n\n\n<p>A global city should be full of opportunities, empowering people to work, study, engage in hobbies, and pursue their passions \u2013 regardless of their background. It should be possible to integrate into the city when moving in from anywhere in the world. Here, one can stay for a moment or build a lifetime. Let\u2019s also recognize the new opportunities that many bring with them.&nbsp;<\/p>\n\n\n\n<p>A lifestyle that reflects one\u2019s own preferences should be possible to create anywhere in Helsinki. A car is not needed, and commuting is not exhausting when we build the city by placing schools, libraries, stores, and sports facilities within walking distance from home. No one should be left without a home. Let\u2019s provide homes for all kinds of personal circumstances - from multiple-birth families to people living by themselves. Let\u2019s keep housing prices affordable by increasing diverse housing production.<\/p>\n\n\n\n<h2 class=\"has-text-color\" style=\"color:#e4d77e\"><strong>Let\u2019s Fit Our Lifestyle to Nature\u2019s Limits<\/strong><\/h2>\n\n\n\n<p>Nature belongs here, even if no one visits it. It is part of our city and essential for life on earth. Instead of cutting down forests, let\u2019s grow and preserve more of them. Let\u2019s also preserve our parks and the Baltic Sea. Let\u2019s ensure that everyone can see trees from their windows and access nearby nature on foot. When nature thrives, so do people.<\/p>\n\n\n\n<p>We must take concrete actions towards a carbon-neutral Helsinki, such as shutting down coal power plants, and building railways and bike paths instead of parking lots. Let\u2019s help housing companies transition to renewable energy heating solutions and carry out energy renovations in the city\u2019s buildings. Let\u2019s further increase the amount of vegetarian food and strengthen the circular economy, instead of a throwaway economy.&nbsp;<\/p>\n\n\n\n<div class=\"wp-block-group alignwide\"><div class=\"wp-block-group__inner-container\">\n<div style=\"height:30px\" aria-hidden=\"true\" class=\"wp-block-spacer\"><\/div>\n\n\n\n<div class=\"wp-block-buttons aligncenter\">\n<div class=\"wp-block-button\"><a class=\"wp-block-button__link has-white-background-color has-text-color has-background\" href=\"http:\/\/ninamiettinen.fi\/english\/minusta\/\" style=\"color:#006272\"><strong>Get to know me<\/strong><\/a><\/div>\n<\/div>\n\n\n\n<div style=\"height:30px\" aria-hidden=\"true\" class=\"wp-block-spacer\"><\/div>\n\n\n\n<hr class=\"wp-block-separator\"\/>\n\n\n\n<div style=\"height:25px\" aria-hidden=\"true\" class=\"wp-block-spacer\"><\/div>\n\n\n\n<h1 class=\"has-text-align-center has-text-color\" style=\"color:#e4d77e\"><strong>You can vote for me <strong>in the spring<\/strong> 2025 municipal elections in the Helsinki electoral district.<\/strong><\/h1>\n\n\n\n<p class=\"has-text-align-center\">Now is the moment when we can make a difference together!<\/p>\n\n\n\n<div style=\"height:20px\" aria-hidden=\"true\" class=\"wp-block-spacer\"><\/div>\n\n\n\n<div class=\"wp-block-buttons aligncenter\">\n<div class=\"wp-block-button\"><a class=\"wp-block-button__link has-white-background-color has-text-color has-background\" href=\"http:\/\/ninamiettinen.fi\/english\/aanesta\/\" style=\"color:#006272\"><strong>Learn about voting<\/strong><\/a><\/div>\n<\/div>\n\n\n\n<div style=\"height:20px\" aria-hidden=\"true\" class=\"wp-block-spacer\"><\/div>\n\n\n\n<div class=\"wp-block-image\"><figure class=\"aligncenter size-medium is-resized\"><a href=\"https:\/\/www.vihreat.fi\/alue-ja-kuntavaalit-2025\/\"><img loading=\"lazy\" src=\"http:\/\/ninamiettinen.fi\/wp-content\/uploads\/2023\/01\/Vihreat_Logo_HOR_NEG_FIN-300x93.png\" alt=\"\" class=\"wp-image-308\" width=\"150\" height=\"47\" srcset=\"http:\/\/ninamiettinen.fi\/wp-content\/uploads\/2023\/01\/Vihreat_Logo_HOR_NEG_FIN-300x93.png 300w, http:\/\/ninamiettinen.fi\/wp-content\/uploads\/2023\/01\/Vihreat_Logo_HOR_NEG_FIN-1024x319.png 1024w, http:\/\/ninamiettinen.fi\/wp-content\/uploads\/2023\/01\/Vihreat_Logo_HOR_NEG_FIN-768x239.png 768w, http:\/\/ninamiettinen.fi\/wp-content\/uploads\/2023\/01\/Vihreat_Logo_HOR_NEG_FIN-16x5.png 16w, http:\/\/ninamiettinen.fi\/wp-content\/uploads\/2023\/01\/Vihreat_Logo_HOR_NEG_FIN.png 1316w\" sizes=\"(max-width: 150px) 100vw, 150px\" \/><\/a><\/figure><\/div>\n\n\n\n<div style=\"height:30px\" aria-hidden=\"true\" class=\"wp-block-spacer\"><\/div>\n\n\n\n<hr class=\"wp-block-separator\"\/>\n\n\n\n<div style=\"height:28px\" aria-hidden=\"true\" class=\"wp-block-spacer\"><\/div>\n\n\n\n<h2 class=\"has-text-align-center has-text-color translation-block\" style=\"color:#e4d77e\">I share my life and thoughts on social media:<\/h2>\n<\/div><\/div>\n\n\n<ul class=\"juicer-feed\" data-feed-id=\"ninamietti\" data-name=\"ninamietti\"><h1 class=\"referral\"><a href=\"http:\/\/www.juicer.io\">Powered by Juicer<\/a><\/h1><\/ul>\n\n\n\n<ul class=\"wp-block-social-links\"><li class=\"wp-social-link wp-social-link-youtube\"><a href=\"https:\/\/www.youtube.com\/user\/neighborhoodgrl\" aria-label=\"YouTube\"> <svg width=\"24\" height=\"24\" viewbox=\"0 0 24 24\" version=\"1.1\" xmlns=\"http:\/\/www.w3.org\/2000\/svg\" role=\"img\" aria-hidden=\"true\" focusable=\"false\"><path d=\"M21.8,8.001c0,0-0.195-1.378-0.795-1.985c-0.76-0.797-1.613-0.801-2.004-0.847c-2.799-0.202-6.997-0.202-6.997-0.202 h-0.009c0,0-4.198,0-6.997,0.202C4.608,5.216,3.756,5.22,2.995,6.016C2.395,6.623,2.2,8.001,2.2,8.001S2,9.62,2,11.238v1.517 c0,1.618,0.2,3.237,0.2,3.237s0.195,1.378,0.795,1.985c0.761,0.797,1.76,0.771,2.205,0.855c1.6,0.153,6.8,0.201,6.8,0.201 s4.203-0.006,7.001-0.209c0.391-0.047,1.243-0.051,2.004-0.847c0.6-0.607,0.795-1.985,0.795-1.985s0.2-1.618,0.2-3.237v-1.517 C22,9.62,21.8,8.001,21.8,8.001z M9.935,14.594l-0.001-5.62l5.404,2.82L9.935,14.594z\"><\/path><\/svg><\/a><\/li>\n\n<li class=\"wp-social-link wp-social-link-instagram\"><a href=\"https:\/\/www.instagram.com\/ninamietti\/\" aria-label=\"Instagram\"> <svg width=\"24\" height=\"24\" viewbox=\"0 0 24 24\" version=\"1.1\" xmlns=\"http:\/\/www.w3.org\/2000\/svg\" role=\"img\" aria-hidden=\"true\" focusable=\"false\"><path d=\"M12,4.622c2.403,0,2.688,0.009,3.637,0.052c0.877,0.04,1.354,0.187,1.671,0.31c0.42,0.163,0.72,0.358,1.035,0.673 c0.315,0.315,0.51,0.615,0.673,1.035c0.123,0.317,0.27,0.794,0.31,1.671c0.043,0.949,0.052,1.234,0.052,3.637 s-0.009,2.688-0.052,3.637c-0.04,0.877-0.187,1.354-0.31,1.671c-0.163,0.42-0.358,0.72-0.673,1.035 c-0.315,0.315-0.615,0.51-1.035,0.673c-0.317,0.123-0.794,0.27-1.671,0.31c-0.949,0.043-1.233,0.052-3.637,0.052 s-2.688-0.009-3.637-0.052c-0.877-0.04-1.354-0.187-1.671-0.31c-0.42-0.163-0.72-0.358-1.035-0.673 c-0.315-0.315-0.51-0.615-0.673-1.035c-0.123-0.317-0.27-0.794-0.31-1.671C4.631,14.688,4.622,14.403,4.622,12 s0.009-2.688,0.052-3.637c0.04-0.877,0.187-1.354,0.31-1.671c0.163-0.42,0.358-0.72,0.673-1.035 c0.315-0.315,0.615-0.51,1.035-0.673c0.317-0.123,0.794-0.27,1.671-0.31C9.312,4.631,9.597,4.622,12,4.622 M12,3 C9.556,3,9.249,3.01,8.289,3.054C7.331,3.098,6.677,3.25,6.105,3.472C5.513,3.702,5.011,4.01,4.511,4.511 c-0.5,0.5-0.808,1.002-1.038,1.594C3.25,6.677,3.098,7.331,3.054,8.289C3.01,9.249,3,9.556,3,12c0,2.444,0.01,2.751,0.054,3.711 c0.044,0.958,0.196,1.612,0.418,2.185c0.23,0.592,0.538,1.094,1.038,1.594c0.5,0.5,1.002,0.808,1.594,1.038 c0.572,0.222,1.227,0.375,2.185,0.418C9.249,20.99,9.556,21,12,21s2.751-0.01,3.711-0.054c0.958-0.044,1.612-0.196,2.185-0.418 c0.592-0.23,1.094-0.538,1.594-1.038c0.5-0.5,0.808-1.002,1.038-1.594c0.222-0.572,0.375-1.227,0.418-2.185 C20.99,14.751,21,14.444,21,12s-0.01-2.751-0.054-3.711c-0.044-0.958-0.196-1.612-0.418-2.185c-0.23-0.592-0.538-1.094-1.038-1.594 c-0.5-0.5-1.002-0.808-1.594-1.038c-0.572-0.222-1.227-0.375-2.185-0.418C14.751,3.01,14.444,3,12,3L12,3z M12,7.378 c-2.552,0-4.622,2.069-4.622,4.622S9.448,16.622,12,16.622s4.622-2.069,4.622-4.622S14.552,7.378,12,7.378z M12,15 c-1.657,0-3-1.343-3-3s1.343-3,3-3s3,1.343,3,3S13.657,15,12,15z M16.804,6.116c-0.596,0-1.08,0.484-1.08,1.08 s0.484,1.08,1.08,1.08c0.596,0,1.08-0.484,1.08-1.08S17.401,6.116,16.804,6.116z\"><\/path><\/svg><\/a><\/li>\n\n<li class=\"wp-social-link wp-social-link-facebook\"><a href=\"https:\/\/www.facebook.com\/ninamietti\" aria-label=\"Facebook\"> <svg width=\"24\" height=\"24\" viewbox=\"0 0 24 24\" version=\"1.1\" xmlns=\"http:\/\/www.w3.org\/2000\/svg\" role=\"img\" aria-hidden=\"true\" focusable=\"false\"><path d=\"M12 2C6.5 2 2 6.5 2 12c0 5 3.7 9.1 8.4 9.9v-7H7.9V12h2.5V9.8c0-2.5 1.5-3.9 3.8-3.9 1.1 0 2.2.2 2.2.2v2.5h-1.3c-1.2 0-1.6.8-1.6 1.6V12h2.8l-.4 2.9h-2.3v7C18.3 21.1 22 17 22 12c0-5.5-4.5-10-10-10z\"><\/path><\/svg><\/a><\/li>\n\n<li class=\"wp-social-link wp-social-link-linkedin\"><a href=\"https:\/\/www.linkedin.com\/in\/ninamietti\/\" aria-label=\"LinkedIn\"> <svg width=\"24\" height=\"24\" viewbox=\"0 0 24 24\" version=\"1.1\" xmlns=\"http:\/\/www.w3.org\/2000\/svg\" role=\"img\" aria-hidden=\"true\" focusable=\"false\"><path d=\"M19.7,3H4.3C3.582,3,3,3.582,3,4.3v15.4C3,20.418,3.582,21,4.3,21h15.4c0.718,0,1.3-0.582,1.3-1.3V4.3 C21,3.582,20.418,3,19.7,3z M8.339,18.338H5.667v-8.59h2.672V18.338z M7.004,8.574c-0.857,0-1.549-0.694-1.549-1.548 c0-0.855,0.691-1.548,1.549-1.548c0.854,0,1.547,0.694,1.547,1.548C8.551,7.881,7.858,8.574,7.004,8.574z M18.339,18.338h-2.669 v-4.177c0-0.996-0.017-2.278-1.387-2.278c-1.389,0-1.601,1.086-1.601,2.206v4.249h-2.667v-8.59h2.559v1.174h0.037 c0.356-0.675,1.227-1.387,2.526-1.387c2.703,0,3.203,1.779,3.203,4.092V18.338z\"><\/path><\/svg><\/a><\/li><\/ul>\n\n\n\n<p><\/p>","protected":false},"excerpt":{"rendered":"<p>J\u00e4rjest\u00f6osaaja ja valtuustoryhm\u00e4n varapuheenjohtaja ehdolla jatkokaudelle Helsingin kaupunginvaltuustoon. Arki, joka luo toivoa tulevaan Nuorille sukupolville t\u00e4ytyy tarjota niin vakaat el\u00e4m\u00e4n edellytykset, ett\u00e4 jokainen uskaltaa unelmoida ja tehd\u00e4 tulevaisuuden suunnitelmia. Oli mieless\u00e4 sitten perheenlis\u00e4ys, oma asunto, vakituinen ty\u00f6paikka tai alan vaihto &#8211; tehd\u00e4\u00e4n Helsingist\u00e4 kotikaupunki, joka tukee ja kannattelee.&nbsp; Yhdenvertaisuus l\u00e4htee siit\u00e4, ett\u00e4 jo perheen pienimm\u00e4t saavat tukea tarpeen eik\u00e4 varallisuuden mukaan. Polku varhaiskasvatuksesta korkeakouluihin voi olla omann\u00e4k\u00f6inen, mutta silti kaikille turvallinen ja motivoiva. Maksuttomia harrastusmahdollisuuksia on lis\u00e4tt\u00e4v\u00e4. Jokaisella tulee olla mahdollisuus my\u00f6s pys\u00e4hty\u00e4 ja saada apua tarvittaessa. Pidet\u00e4\u00e4n terveyskeskusk\u00e4ynnit maksuttomina ja etsit\u00e4\u00e4n lis\u00e4\u00e4 keinoja terveyspalveluihin p\u00e4\u00e4semiseksi. Kest\u00e4v\u00e4 arki globaalissa kaupungissa Mahdollisuuksien arjessa tehd\u00e4\u00e4n t\u00f6it\u00e4, opiskellaan ja harrastetaan taustasta riippumatta. Autoa ei tarvita ja matkat eiv\u00e4t uuvuta, kun rakennamme kaupunkia sijoittamalla koulut, kirjastot, kaupat ja liikuntapaikat k\u00e4velymatkan p\u00e4\u00e4h\u00e4n kotoa. Omann\u00e4k\u00f6ist\u00e4 arkea pit\u00e4\u00e4 pysty\u00e4 el\u00e4m\u00e4\u00e4n miss\u00e4 p\u00e4in Helsinki\u00e4 tahansa.&nbsp; Kaupunkiin on oltava mahdollista sopeutua niin maalta kuin maailmalta muutettaessa. T\u00e4\u00e4ll\u00e4 voi viipy\u00e4&hellip;<\/p>\n<p> <a class=\"more-link\" href=\"http:\/\/ninamiettinen.fi\/english\/\">Read more<\/a><\/p>","protected":false},"author":3,"featured_media":501,"parent":0,"menu_order":0,"comment_status":"closed","ping_status":"closed","template":"","meta":[],"_links":{"self":[{"href":"http:\/\/ninamiettinen.fi\/english\/wp-json\/wp\/v2\/pages\/6"}],"collection":[{"href":"http:\/\/ninamiettinen.fi\/english\/wp-json\/wp\/v2\/pages"}],"about":[{"href":"http:\/\/ninamiettinen.fi\/english\/wp-json\/wp\/v2\/types\/page"}],"author":[{"embeddable":true,"href":"http:\/\/ninamiettinen.fi\/english\/wp-json\/wp\/v2\/users\/3"}],"replies":[{"embeddable":true,"href":"http:\/\/ninamiettinen.fi\/english\/wp-json\/wp\/v2\/comments?post=6"}],"version-history":[{"count":72,"href":"http:\/\/ninamiettinen.fi\/english\/wp-json\/wp\/v2\/pages\/6\/revisions"}],"predecessor-version":[{"id":573,"href":"http:\/\/ninamiettinen.fi\/english\/wp-json\/wp\/v2\/pages\/6\/revisions\/573"}],"wp:featuredmedia":[{"embeddable":true,"href":"http:\/\/ninamiettinen.fi\/english\/wp-json\/wp\/v2\/media\/501"}],"wp:attachment":[{"href":"http:\/\/ninamiettinen.fi\/english\/wp-json\/wp\/v2\/media?parent=6"}],"curies":[{"name":"wp","href":"https:\/\/api.w.org\/{rel}","templated":true}]}}